{"id":2574,"date":"2022-05-25T10:11:19","date_gmt":"2022-05-25T13:11:19","guid":{"rendered":"http:\/\/portocentral.com.br\/?page_id=2574"},"modified":"2022-07-11T18:24:28","modified_gmt":"2022-07-11T21:24:28","slug":"disponibilidade-de-area","status":"publish","type":"page","link":"https:\/\/www.portocentral.com.br\/en\/oportunidades-de-negocios\/disponibilidade-de-area\/","title":{"rendered":"Disponibilidade de \u00c1rea"},"content":{"rendered":"<div data-elementor-type=\"wp-page\" data-elementor-id=\"2574\" class=\"elementor elementor-2574\">\n\t\t\t\t\t\t\t\t\t<section data-particle_enable=\"false\" data-particle-mobile-disabled=\"false\" class=\"elementor-section elementor-top-section elementor-element elementor-element-03d329f elementor-section-height-min-height elementor-section-stretched elementor-section-boxed elementor-section-height-default elementor-section-items-middle\" data-id=\"03d329f\" data-element_type=\"section\" data-settings=\"{&quot;stretch_section&quot;:&quot;section-stretched&quot;,&quot;background_background&quot;:&quot;classic&quot;,&quot;shape_divider_bottom&quot;:&quot;waves&quot;}\">\r\n\t\t\t\t\t\t\t<div class=\"elementor-background-overlay\"><\/div>\r\n\t\t\t\t\t\t<div class=\"elementor-shape elementor-shape-bottom\" data-negative=\"false\">\r\n\t\t\t<svg xmlns=\"http:\/\/www.w3.org\/2000\/svg\" viewbox=\"0 0 1000 100\" preserveaspectratio=\"none\">\n\t<path class=\"elementor-shape-fill\" d=\"M421.9,6.5c22.6-2.5,51.5,0.4,75.5,5.3c23.6,4.9,70.9,23.5,100.5,35.7c75.8,32.2,133.7,44.5,192.6,49.7\tc23.6,2.1,48.7,3.5,103.4-2.5c54.7-6,106.2-25.6,106.2-25.6V0H0v30.3c0,0,72,32.6,158.4,30.5c39.2-0.7,92.8-6.7,134-22.4\tc21.2-8.1,52.2-18.2,79.7-24.2C399.3,7.9,411.6,7.5,421.9,6.5z\"\/>\n<\/svg>\t\t<\/div>\r\n\t\t\r\n\t\t\t\t\t\t\t\t\t<div class=\"elementor-container elementor-column-gap-default\">\r\n\t\t\t\t\t\t\t\t\t\t\t<div class=\"elementor-column elementor-col-100 elementor-top-column elementor-element elementor-element-105b458\" data-id=\"105b458\" data-element_type=\"column\">\r\n\r\n\t\t\t\t\t<div class=\"elementor-widget-wrap elementor-element-populated\">\r\n\t\t\t\t\t\t\t\t<div class=\"elementor-element elementor-element-2e35707 elementor-widget elementor-widget-heading\" data-id=\"2e35707\" data-element_type=\"widget\" data-widget_type=\"heading.default\">\n\t\t\t\t<div class=\"elementor-widget-container\">\n\t\t\t<style>\/*! elementor - v3.15.0 - 20-08-2023 *\/\n.elementor-heading-title{padding:0;margin:0;line-height:1}.elementor-widget-heading .elementor-heading-title[class*=elementor-size-]>a{color:inherit;font-size:inherit;line-height:inherit}.elementor-widget-heading .elementor-heading-title.elementor-size-small{font-size:15px}.elementor-widget-heading .elementor-heading-title.elementor-size-medium{font-size:19px}.elementor-widget-heading .elementor-heading-title.elementor-size-large{font-size:29px}.elementor-widget-heading .elementor-heading-title.elementor-size-xl{font-size:39px}.elementor-widget-heading .elementor-heading-title.elementor-size-xxl{font-size:59px}<\/style><h2 class=\"elementor-heading-title elementor-size-default\">Disponibilidade de \u00c1rea<\/h2>\t\t<\/div>\n\t\t\t\t<\/div>\n\t\t\t\t<div class=\"elementor-element elementor-element-12c49a5 elementor-widget elementor-widget-pp-breadcrumbs\" data-id=\"12c49a5\" data-element_type=\"widget\" data-settings=\"{&quot;breadcrumbs_type&quot;:&quot;powerpack&quot;}\" data-widget_type=\"pp-breadcrumbs.default\">\n\t\t\t\t<div class=\"elementor-widget-container\">\n\t\t\t<ul class=\"pp-breadcrumbs pp-breadcrumbs-powerpack\">\t\t<li class=\"pp-breadcrumbs-item pp-breadcrumbs-item-home\">\n\t\t\t<a class=\"pp-breadcrumbs-crumb pp-breadcrumbs-crumb-link pp-breadcrumbs-crumb-home\" href=\"https:\/\/www.portocentral.com.br\/en\" title=\"Home\">\n\t\t\t\t<span class=\"pp-breadcrumbs-text\">\n\t\t\t\t\t\t\t\t\t\t\t<span class=\"pp-icon\">\n\t\t\t\t\t\t\t<svg aria-hidden=\"true\" class=\"e-font-icon-svg e-fas-home\" viewbox=\"0 0 576 512\" xmlns=\"http:\/\/www.w3.org\/2000\/svg\"><path d=\"M280.37 148.26L96 300.11V464a16 16 0 0 0 16 16l112.06-.29a16 16 0 0 0 15.92-16V368a16 16 0 0 1 16-16h64a16 16 0 0 1 16 16v95.64a16 16 0 0 0 16 16.05L464 480a16 16 0 0 0 16-16V300L295.67 148.26a12.19 12.19 0 0 0-15.3 0zM571.6 251.47L488 182.56V44.05a12 12 0 0 0-12-12h-56a12 12 0 0 0-12 12v72.61L318.47 43a48 48 0 0 0-61 0L4.34 251.47a12 12 0 0 0-1.6 16.9l25.5 31A12 12 0 0 0 45.15 301l235.22-193.74a12.19 12.19 0 0 1 15.3 0L530.9 301a12 12 0 0 0 16.9-1.6l25.5-31a12 12 0 0 0-1.7-16.93z\"><\/path><\/svg>\t\t\t\t\t\t<\/span>\n\t\t\t\t\t\t\t\t\t\tHome\t\t\t\t<\/span>\n\t\t\t<\/a>\n\t\t<\/li>\n\t\t<li class=\"pp-breadcrumbs-separator\">\t\t\t\t<span class='pp-separator-icon pp-icon'>\n\t\t\t\t\t<svg aria-hidden=\"true\" class=\"e-font-icon-svg e-fas-angle-right\" viewbox=\"0 0 256 512\" xmlns=\"http:\/\/www.w3.org\/2000\/svg\"><path d=\"M224.3 273l-136 136c-9.4 9.4-24.6 9.4-33.9 0l-22.6-22.6c-9.4-9.4-9.4-24.6 0-33.9l96.4-96.4-96.4-96.4c-9.4-9.4-9.4-24.6 0-33.9L54.3 103c9.4-9.4 24.6-9.4 33.9 0l136 136c9.5 9.4 9.5 24.6.1 34z\"><\/path><\/svg>\t\t\t\t<\/span>\n\t\t\t\t<\/li><\/ul>\t\t<\/div>\n\t\t\t\t<\/div>\n\t\t\t\t\t<\/div>\r\n\t\t\t\t<\/div>\r\n\t\t\t\t\t\t<\/div>\r\n\t\t\t\t<\/section>\r\n\t\t\t\t\t\t\t<\/div>","protected":false},"excerpt":{"rendered":"<p>Home<\/p>","protected":false},"author":1,"featured_media":12069,"parent":2008,"menu_order":0,"comment_status":"closed","ping_status":"closed","template":"","meta":{"footnotes":""},"acf":[],"yoast_head":"<!-- This site is optimized with the Yoast SEO plugin v22.4 - https:\/\/yoast.com\/wordpress\/plugins\/seo\/ -->\n<title>Disponibilidade de \u00c1rea - Porto Central<\/title>\n<meta name=\"robots\" content=\"index, follow, max-snippet:-1, max-image-preview:large, max-video-preview:-1\" \/>\n<link rel=\"canonical\" href=\"https:\/\/www.portocentral.com.br\/en\/oportunidades-de-negocios\/disponibilidade-de-area\/\" \/>\n<meta property=\"og:locale\" content=\"en_US\" \/>\n<meta property=\"og:type\" content=\"article\" \/>\n<meta property=\"og:title\" content=\"Disponibilidade de \u00c1rea - Porto Central\" \/>\n<meta property=\"og:description\" content=\"Home\" \/>\n<meta property=\"og:url\" content=\"https:\/\/www.portocentral.com.br\/en\/oportunidades-de-negocios\/disponibilidade-de-area\/\" \/>\n<meta property=\"og:site_name\" content=\"Porto Central\" \/>\n<meta property=\"article:modified_time\" content=\"2022-07-11T21:24:28+00:00\" \/>\n<meta name=\"twitter:card\" content=\"summary_large_image\" \/>\n<script type=\"application\/ld+json\" class=\"yoast-schema-graph\">{\"@context\":\"https:\/\/schema.org\",\"@graph\":[{\"@type\":\"WebPage\",\"@id\":\"https:\/\/www.portocentral.com.br\/oportunidades-de-negocios\/disponibilidade-de-area\/\",\"url\":\"https:\/\/www.portocentral.com.br\/oportunidades-de-negocios\/disponibilidade-de-area\/\",\"name\":\"Disponibilidade de \u00c1rea - Porto Central\",\"isPartOf\":{\"@id\":\"https:\/\/www.portocentral.com.br\/#website\"},\"primaryImageOfPage\":{\"@id\":\"https:\/\/www.portocentral.com.br\/oportunidades-de-negocios\/disponibilidade-de-area\/#primaryimage\"},\"image\":{\"@id\":\"https:\/\/www.portocentral.com.br\/oportunidades-de-negocios\/disponibilidade-de-area\/#primaryimage\"},\"thumbnailUrl\":\"https:\/\/www.portocentral.com.br\/wp-content\/uploads\/2024\/12\/Frontal-view-scaled.jpg\",\"datePublished\":\"2022-05-25T13:11:19+00:00\",\"dateModified\":\"2022-07-11T21:24:28+00:00\",\"breadcrumb\":{\"@id\":\"https:\/\/www.portocentral.com.br\/oportunidades-de-negocios\/disponibilidade-de-area\/#breadcrumb\"},\"inLanguage\":\"en-US\",\"potentialAction\":[{\"@type\":\"ReadAction\",\"target\":[\"https:\/\/www.portocentral.com.br\/oportunidades-de-negocios\/disponibilidade-de-area\/\"]}]},{\"@type\":\"ImageObject\",\"inLanguage\":\"en-US\",\"@id\":\"https:\/\/www.portocentral.com.br\/oportunidades-de-negocios\/disponibilidade-de-area\/#primaryimage\",\"url\":\"https:\/\/www.portocentral.com.br\/wp-content\/uploads\/2024\/12\/Frontal-view-scaled.jpg\",\"contentUrl\":\"https:\/\/www.portocentral.com.br\/wp-content\/uploads\/2024\/12\/Frontal-view-scaled.jpg\",\"width\":2560,\"height\":1440},{\"@type\":\"BreadcrumbList\",\"@id\":\"https:\/\/www.portocentral.com.br\/oportunidades-de-negocios\/disponibilidade-de-area\/#breadcrumb\",\"itemListElement\":[{\"@type\":\"ListItem\",\"position\":1,\"name\":\"In\u00edcio\",\"item\":\"https:\/\/www.portocentral.com.br\/\"},{\"@type\":\"ListItem\",\"position\":2,\"name\":\"Oportunidades de Neg\u00f3cios\",\"item\":\"https:\/\/www.portocentral.com.br\/oportunidades-de-negocios\/\"},{\"@type\":\"ListItem\",\"position\":3,\"name\":\"Disponibilidade de \u00c1rea\"}]},{\"@type\":\"WebSite\",\"@id\":\"https:\/\/www.portocentral.com.br\/#website\",\"url\":\"https:\/\/www.portocentral.com.br\/\",\"name\":\"Porto Central\",\"description\":\"uma inovadora solu\u00e7\u00e3o log\u00edstica\",\"potentialAction\":[{\"@type\":\"SearchAction\",\"target\":{\"@type\":\"EntryPoint\",\"urlTemplate\":\"https:\/\/www.portocentral.com.br\/?s={search_term_string}\"},\"query-input\":\"required name=search_term_string\"}],\"inLanguage\":\"en-US\"}]}<\/script>\n<!-- \/ Yoast SEO plugin. -->","yoast_head_json":{"title":"Disponibilidade de \u00c1rea - Porto Central","robots":{"index":"index","follow":"follow","max-snippet":"max-snippet:-1","max-image-preview":"max-image-preview:large","max-video-preview":"max-video-preview:-1"},"canonical":"https:\/\/www.portocentral.com.br\/en\/oportunidades-de-negocios\/disponibilidade-de-area\/","og_locale":"en_US","og_type":"article","og_title":"Disponibilidade de \u00c1rea - Porto Central","og_description":"Home","og_url":"https:\/\/www.portocentral.com.br\/en\/oportunidades-de-negocios\/disponibilidade-de-area\/","og_site_name":"Porto Central","article_modified_time":"2022-07-11T21:24:28+00:00","twitter_card":"summary_large_image","schema":{"@context":"https:\/\/schema.org","@graph":[{"@type":"WebPage","@id":"https:\/\/www.portocentral.com.br\/oportunidades-de-negocios\/disponibilidade-de-area\/","url":"https:\/\/www.portocentral.com.br\/oportunidades-de-negocios\/disponibilidade-de-area\/","name":"Disponibilidade de \u00c1rea - Porto Central","isPartOf":{"@id":"https:\/\/www.portocentral.com.br\/#website"},"primaryImageOfPage":{"@id":"https:\/\/www.portocentral.com.br\/oportunidades-de-negocios\/disponibilidade-de-area\/#primaryimage"},"image":{"@id":"https:\/\/www.portocentral.com.br\/oportunidades-de-negocios\/disponibilidade-de-area\/#primaryimage"},"thumbnailUrl":"https:\/\/www.portocentral.com.br\/wp-content\/uploads\/2024\/12\/Frontal-view-scaled.jpg","datePublished":"2022-05-25T13:11:19+00:00","dateModified":"2022-07-11T21:24:28+00:00","breadcrumb":{"@id":"https:\/\/www.portocentral.com.br\/oportunidades-de-negocios\/disponibilidade-de-area\/#breadcrumb"},"inLanguage":"en-US","potentialAction":[{"@type":"ReadAction","target":["https:\/\/www.portocentral.com.br\/oportunidades-de-negocios\/disponibilidade-de-area\/"]}]},{"@type":"ImageObject","inLanguage":"en-US","@id":"https:\/\/www.portocentral.com.br\/oportunidades-de-negocios\/disponibilidade-de-area\/#primaryimage","url":"https:\/\/www.portocentral.com.br\/wp-content\/uploads\/2024\/12\/Frontal-view-scaled.jpg","contentUrl":"https:\/\/www.portocentral.com.br\/wp-content\/uploads\/2024\/12\/Frontal-view-scaled.jpg","width":2560,"height":1440},{"@type":"BreadcrumbList","@id":"https:\/\/www.portocentral.com.br\/oportunidades-de-negocios\/disponibilidade-de-area\/#breadcrumb","itemListElement":[{"@type":"ListItem","position":1,"name":"In\u00edcio","item":"https:\/\/www.portocentral.com.br\/"},{"@type":"ListItem","position":2,"name":"Oportunidades de Neg\u00f3cios","item":"https:\/\/www.portocentral.com.br\/oportunidades-de-negocios\/"},{"@type":"ListItem","position":3,"name":"Disponibilidade de \u00c1rea"}]},{"@type":"WebSite","@id":"https:\/\/www.portocentral.com.br\/#website","url":"https:\/\/www.portocentral.com.br\/","name":"Porto Central","description":"uma inovadora solu\u00e7\u00e3o log\u00edstica","potentialAction":[{"@type":"SearchAction","target":{"@type":"EntryPoint","urlTemplate":"https:\/\/www.portocentral.com.br\/?s={search_term_string}"},"query-input":"required name=search_term_string"}],"inLanguage":"en-US"}]}},"_links":{"self":[{"href":"https:\/\/www.portocentral.com.br\/en\/wp-json\/wp\/v2\/pages\/2574"}],"collection":[{"href":"https:\/\/www.portocentral.com.br\/en\/wp-json\/wp\/v2\/pages"}],"about":[{"href":"https:\/\/www.portocentral.com.br\/en\/wp-json\/wp\/v2\/types\/page"}],"author":[{"embeddable":true,"href":"https:\/\/www.portocentral.com.br\/en\/wp-json\/wp\/v2\/users\/1"}],"replies":[{"embeddable":true,"href":"https:\/\/www.portocentral.com.br\/en\/wp-json\/wp\/v2\/comments?post=2574"}],"version-history":[{"count":0,"href":"https:\/\/www.portocentral.com.br\/en\/wp-json\/wp\/v2\/pages\/2574\/revisions"}],"up":[{"embeddable":true,"href":"https:\/\/www.portocentral.com.br\/en\/wp-json\/wp\/v2\/pages\/2008"}],"wp:featuredmedia":[{"embeddable":true,"href":"https:\/\/www.portocentral.com.br\/en\/wp-json\/wp\/v2\/media\/12069"}],"wp:attachment":[{"href":"https:\/\/www.portocentral.com.br\/en\/wp-json\/wp\/v2\/media?parent=2574"}],"curies":[{"name":"wp","href":"https:\/\/api.w.org\/{rel}","templated":true}]}}