{"id":552,"date":"2020-12-22T05:15:56","date_gmt":"2020-12-22T05:15:56","guid":{"rendered":"http:\/\/sw-themes.com\/porto_dummy\/elementor\/cleaning-services\/?page_id=552"},"modified":"2020-12-22T05:15:56","modified_gmt":"2020-12-22T05:15:56","slug":"services","status":"publish","type":"page","link":"https:\/\/www.portocentral.com.br\/en\/services\/","title":{"rendered":"Services"},"content":{"rendered":"<div data-elementor-type=\"wp-page\" data-elementor-id=\"552\" class=\"elementor elementor-552\">\n\t\t\t\t\t\t\t\t\t<section data-particle_enable=\"false\" data-particle-mobile-disabled=\"false\" class=\"elementor-section elementor-top-section elementor-element elementor-element-9c346de mt-lg-4 pt-5 elementor-section-boxed elementor-section-height-default elementor-section-height-default\" data-id=\"9c346de\" data-element_type=\"section\">\r\n\t\t\t\r\n\t\t\t\t\t\t\t\t\t<div class=\"elementor-container elementor-column-gap-no\">\r\n\t\t\t\t\t\t\t\t\t\t\t<div class=\"elementor-column elementor-col-100 elementor-top-column elementor-element elementor-element-62397ab\" data-id=\"62397ab\" data-element_type=\"column\">\r\n\r\n\t\t\t\t\t<div class=\"elementor-widget-wrap elementor-element-populated\">\r\n\t\t\t\t\t\t\t\t<div class=\"elementor-element elementor-element-27b06ab custom-font1 mb-4 elementor-invisible elementor-widget elementor-widget-heading\" data-id=\"27b06ab\" data-element_type=\"widget\" data-settings=\"{&quot;_animation&quot;:&quot;fadeInUp&quot;,&quot;_animation_delay&quot;:300}\" data-widget_type=\"heading.default\">\n\t\t\t\t<div class=\"elementor-widget-container\">\n\t\t\t<style>\/*! elementor - v3.15.0 - 20-08-2023 *\/\n.elementor-heading-title{padding:0;margin:0;line-height:1}.elementor-widget-heading .elementor-heading-title[class*=elementor-size-]>a{color:inherit;font-size:inherit;line-height:inherit}.elementor-widget-heading .elementor-heading-title.elementor-size-small{font-size:15px}.elementor-widget-heading .elementor-heading-title.elementor-size-medium{font-size:19px}.elementor-widget-heading .elementor-heading-title.elementor-size-large{font-size:29px}.elementor-widget-heading .elementor-heading-title.elementor-size-xl{font-size:39px}.elementor-widget-heading .elementor-heading-title.elementor-size-xxl{font-size:59px}<\/style><p class=\"elementor-heading-title elementor-size-default\">Get reliable & affordable cleaning services for your facility with a 100% satisfaction guaranteed!<\/p>\t\t<\/div>\n\t\t\t\t<\/div>\n\t\t\t\t<div class=\"elementor-element elementor-element-2df3981 pb-1 mb-3 elementor-invisible elementor-widget elementor-widget-heading\" data-id=\"2df3981\" data-element_type=\"widget\" data-settings=\"{&quot;_animation&quot;:&quot;fadeInUp&quot;,&quot;_animation_delay&quot;:500}\" data-widget_type=\"heading.default\">\n\t\t\t\t<div class=\"elementor-widget-container\">\n\t\t\t<p class=\"elementor-heading-title elementor-size-default\">Lorem ipsum dolor sit amet, consectetur adipiscing elit. Proin bibendum ultricies nunc, eu interdum enim convallis pretium. Quisque eu neque augue. Aliquam egestas nunc at efficitur faucibus. Praesent mauris eros, tincidunt id enim sodales, rhoncus malesuada ligula.<\/p>\t\t<\/div>\n\t\t\t\t<\/div>\n\t\t\t\t<div class=\"elementor-element elementor-element-d7334ae mb-0 elementor-invisible elementor-widget elementor-widget-heading\" data-id=\"d7334ae\" data-element_type=\"widget\" data-settings=\"{&quot;_animation&quot;:&quot;fadeInUp&quot;,&quot;_animation_delay&quot;:500}\" data-widget_type=\"heading.default\">\n\t\t\t\t<div class=\"elementor-widget-container\">\n\t\t\t<p class=\"elementor-heading-title elementor-size-default\">Vivamus quis purus nec sapien pellentesque imperdiet. Nullam porttitor augue mi, sit amet luctus est tincidunt sed. Donec tempus bibendum ex, nec vehicula elit.<\/p>\t\t<\/div>\n\t\t\t\t<\/div>\n\t\t\t\t<div data-particle_enable=\"false\" data-particle-mobile-disabled=\"false\" class=\"elementor-section elementor-inner-section elementor-element elementor-element-fb365f5 custom-card-wrapper column-gap-sm mb-lg-4 pb-5 elementor-section-boxed elementor-section-height-default elementor-section-height-default\" data-id=\"fb365f5\" data-element_type=\"section\">\r\n\t\t\t\r\n\t\t\t\t\t\t\t\t\t<div class=\"elementor-container elementor-column-gap-default\">\r\n\t\t\t\t\t\t\t\t\t\t\t<div class=\"elementor-column elementor-col-16 elementor-inner-column elementor-element elementor-element-b660cdb\" data-id=\"b660cdb\" data-element_type=\"column\">\r\n\r\n\t\t\t\t\t<div class=\"elementor-widget-wrap elementor-element-populated\">\r\n\t\t\t\t\t\t\t\t<div class=\"elementor-element elementor-element-c28a434 custom-card feature-image mb-0 elementor-position-top elementor-widget elementor-widget-image-box\" data-id=\"c28a434\" data-element_type=\"widget\" data-widget_type=\"image-box.default\">\n\t\t\t\t<div class=\"elementor-widget-container\">\n\t\t\t<style>.elementor-widget-image-box .elementor-image-box-content{width:100%}@media (min-width:768px){.elementor-widget-image-box.elementor-position-left .elementor-image-box-wrapper,.elementor-widget-image-box.elementor-position-right .elementor-image-box-wrapper{display:flex}.elementor-widget-image-box.elementor-position-right .elementor-image-box-wrapper{text-align:right;flex-direction:row-reverse}.elementor-widget-image-box.elementor-position-left .elementor-image-box-wrapper{text-align:left;flex-direction:row}.elementor-widget-image-box.elementor-position-top .elementor-image-box-img{margin:auto}.elementor-widget-image-box.elementor-vertical-align-top .elementor-image-box-wrapper{align-items:flex-start}.elementor-widget-image-box.elementor-vertical-align-middle .elementor-image-box-wrapper{align-items:center}.elementor-widget-image-box.elementor-vertical-align-bottom .elementor-image-box-wrapper{align-items:flex-end}}@media (max-width:767px){.elementor-widget-image-box .elementor-image-box-img{margin-left:auto!important;margin-right:auto!important;margin-bottom:15px}}.elementor-widget-image-box .elementor-image-box-img{display:inline-block}.elementor-widget-image-box .elementor-image-box-title a{color:inherit}.elementor-widget-image-box .elementor-image-box-wrapper{text-align:center}.elementor-widget-image-box .elementor-image-box-description{margin:0}<\/style><div class=\"elementor-image-box-wrapper\"><figure class=\"elementor-image-box-img\"><a href=\"https:\/\/www.portotheme.com\/wordpress\/porto\/elementor\/cleaning-services\/services\/building-services\/\"><img decoding=\"async\" src=\"https:\/\/www.portotheme.com\/wordpress\/porto\/elementor\/cleaning-services\/wp-content\/uploads\/sites\/81\/2020\/12\/services-small-1.jpg\" title=\"\" alt=\"\" loading=\"lazy\" \/><\/a><\/figure><div class=\"elementor-image-box-content\"><h4 class=\"elementor-image-box-title\"><a href=\"https:\/\/www.portotheme.com\/wordpress\/porto\/elementor\/cleaning-services\/services\/building-services\/\">Building Services<\/a><\/h4><p class=\"elementor-image-box-description\">Cras a elit sit amet leo accumsan volutpat. Suspendisse hendrerit vehicula leo, vel efficitur felis ultrices non.\n<p><a href=\"https:\/\/www.portotheme.com\/wordpress\/porto\/elementor\/cleaning-services\/services\/building-services\/\" class=\"read-more d-block mb-0 text-uppercase heading-primary\">VIEW MORE<\/a><\/p><\/p><\/div><\/div>\t\t<\/div>\n\t\t\t\t<\/div>\n\t\t\t\t\t<\/div>\r\n\t\t\t\t<\/div>\r\n\t\t\t\t<div class=\"elementor-column elementor-col-16 elementor-inner-column elementor-element elementor-element-7a73f4e\" data-id=\"7a73f4e\" data-element_type=\"column\">\r\n\r\n\t\t\t\t\t<div class=\"elementor-widget-wrap elementor-element-populated\">\r\n\t\t\t\t\t\t\t\t<div class=\"elementor-element elementor-element-cb53415 custom-card feature-image mb-0 elementor-position-top elementor-widget elementor-widget-image-box\" data-id=\"cb53415\" data-element_type=\"widget\" data-widget_type=\"image-box.default\">\n\t\t\t\t<div class=\"elementor-widget-container\">\n\t\t\t<div class=\"elementor-image-box-wrapper\"><figure class=\"elementor-image-box-img\"><a href=\"https:\/\/www.portotheme.com\/wordpress\/porto\/elementor\/cleaning-services\/services\/post-construction\/\"><img decoding=\"async\" src=\"https:\/\/www.portotheme.com\/wordpress\/porto\/elementor\/cleaning-services\/wp-content\/uploads\/sites\/81\/2020\/12\/services-small-2.jpg\" title=\"\" alt=\"\" loading=\"lazy\" \/><\/a><\/figure><div class=\"elementor-image-box-content\"><h4 class=\"elementor-image-box-title\"><a href=\"https:\/\/www.portotheme.com\/wordpress\/porto\/elementor\/cleaning-services\/services\/post-construction\/\">Post Construction<\/a><\/h4><p class=\"elementor-image-box-description\">Cras a elit sit amet leo accumsan volutpat. Suspendisse hendrerit vehicula leo, vel efficitur felis ultrices non.\n<p>\n<a href=\"https:\/\/www.portotheme.com\/wordpress\/porto\/elementor\/cleaning-services\/services\/post-construction\/\" class=\"read-more mb-0 text-uppercase heading-primary\">VIEW MORE<\/a><\/p><\/p><\/div><\/div>\t\t<\/div>\n\t\t\t\t<\/div>\n\t\t\t\t\t<\/div>\r\n\t\t\t\t<\/div>\r\n\t\t\t\t<div class=\"elementor-column elementor-col-16 elementor-inner-column elementor-element elementor-element-682b69a\" data-id=\"682b69a\" data-element_type=\"column\">\r\n\r\n\t\t\t\t\t<div class=\"elementor-widget-wrap elementor-element-populated\">\r\n\t\t\t\t\t\t\t\t<div class=\"elementor-element elementor-element-3011185 custom-card feature-image mb-0 elementor-position-top elementor-widget elementor-widget-image-box\" data-id=\"3011185\" data-element_type=\"widget\" data-widget_type=\"image-box.default\">\n\t\t\t\t<div class=\"elementor-widget-container\">\n\t\t\t<div class=\"elementor-image-box-wrapper\"><figure class=\"elementor-image-box-img\"><a href=\"https:\/\/www.portotheme.com\/wordpress\/porto\/elementor\/cleaning-services\/services\/office-cleaning\/\"><img decoding=\"async\" src=\"https:\/\/www.portotheme.com\/wordpress\/porto\/elementor\/cleaning-services\/wp-content\/uploads\/sites\/81\/2020\/12\/services-small-3.jpg\" title=\"\" alt=\"\" loading=\"lazy\" \/><\/a><\/figure><div class=\"elementor-image-box-content\"><h4 class=\"elementor-image-box-title\"><a href=\"https:\/\/www.portotheme.com\/wordpress\/porto\/elementor\/cleaning-services\/services\/office-cleaning\/\">Office Cleaning<\/a><\/h4><p class=\"elementor-image-box-description\">Cras a elit sit amet leo accumsan volutpat. Suspendisse hendrerit vehicula leo, vel efficitur felis ultrices non.\n<p>\n<a href=\"https:\/\/www.portotheme.com\/wordpress\/porto\/elementor\/cleaning-services\/services\/office-cleaning\/\" class=\"read-more mb-0 text-uppercase heading-primary\">VIEW MORE<\/a><\/p><\/p><\/div><\/div>\t\t<\/div>\n\t\t\t\t<\/div>\n\t\t\t\t\t<\/div>\r\n\t\t\t\t<\/div>\r\n\t\t\t\t<div class=\"elementor-column elementor-col-16 elementor-inner-column elementor-element elementor-element-4d99065\" data-id=\"4d99065\" data-element_type=\"column\">\r\n\r\n\t\t\t\t\t<div class=\"elementor-widget-wrap elementor-element-populated\">\r\n\t\t\t\t\t\t\t\t<div class=\"elementor-element elementor-element-16ca57a custom-card feature-image mb-0 elementor-position-top elementor-widget elementor-widget-image-box\" data-id=\"16ca57a\" data-element_type=\"widget\" data-widget_type=\"image-box.default\">\n\t\t\t\t<div class=\"elementor-widget-container\">\n\t\t\t<div class=\"elementor-image-box-wrapper\"><figure class=\"elementor-image-box-img\"><a href=\"https:\/\/www.portotheme.com\/wordpress\/porto\/elementor\/cleaning-services\/services\/post-construction\/\"><img decoding=\"async\" src=\"https:\/\/www.portotheme.com\/wordpress\/porto\/elementor\/cleaning-services\/wp-content\/uploads\/sites\/81\/2020\/12\/services-small-2.jpg\" title=\"\" alt=\"\" loading=\"lazy\" \/><\/a><\/figure><div class=\"elementor-image-box-content\"><h4 class=\"elementor-image-box-title\"><a href=\"https:\/\/www.portotheme.com\/wordpress\/porto\/elementor\/cleaning-services\/services\/post-construction\/\">Post Construction<\/a><\/h4><p class=\"elementor-image-box-description\">Cras a elit sit amet leo accumsan volutpat. Suspendisse hendrerit vehicula leo, vel efficitur felis ultrices non.\n<p>\n<a href=\"https:\/\/www.portotheme.com\/wordpress\/porto\/elementor\/cleaning-services\/services\/post-construction\/\" class=\"read-more mb-0 text-uppercase heading-primary\">VIEW MORE<\/a><\/p><\/p><\/div><\/div>\t\t<\/div>\n\t\t\t\t<\/div>\n\t\t\t\t\t<\/div>\r\n\t\t\t\t<\/div>\r\n\t\t\t\t<div class=\"elementor-column elementor-col-16 elementor-inner-column elementor-element elementor-element-b99b00c\" data-id=\"b99b00c\" data-element_type=\"column\">\r\n\r\n\t\t\t\t\t<div class=\"elementor-widget-wrap elementor-element-populated\">\r\n\t\t\t\t\t\t\t\t<div class=\"elementor-element elementor-element-62b9744 custom-card feature-image mb-0 elementor-position-top elementor-widget elementor-widget-image-box\" data-id=\"62b9744\" data-element_type=\"widget\" data-widget_type=\"image-box.default\">\n\t\t\t\t<div class=\"elementor-widget-container\">\n\t\t\t<div class=\"elementor-image-box-wrapper\"><figure class=\"elementor-image-box-img\"><a href=\"https:\/\/www.portotheme.com\/wordpress\/porto\/elementor\/cleaning-services\/services\/office-cleaning\/\"><img decoding=\"async\" src=\"https:\/\/www.portotheme.com\/wordpress\/porto\/elementor\/cleaning-services\/wp-content\/uploads\/sites\/81\/2020\/12\/services-small-3.jpg\" title=\"\" alt=\"\" loading=\"lazy\" \/><\/a><\/figure><div class=\"elementor-image-box-content\"><h4 class=\"elementor-image-box-title\"><a href=\"https:\/\/www.portotheme.com\/wordpress\/porto\/elementor\/cleaning-services\/services\/office-cleaning\/\">Office Cleaning<\/a><\/h4><p class=\"elementor-image-box-description\">Cras a elit sit amet leo accumsan volutpat. Suspendisse hendrerit vehicula leo, vel efficitur felis ultrices non.\n<p>\n<a href=\"https:\/\/www.portotheme.com\/wordpress\/porto\/elementor\/cleaning-services\/services\/office-cleaning\/\" class=\"read-more mb-0 text-uppercase heading-primary\">VIEW MORE<\/a><\/p><\/p><\/div><\/div>\t\t<\/div>\n\t\t\t\t<\/div>\n\t\t\t\t\t<\/div>\r\n\t\t\t\t<\/div>\r\n\t\t\t\t<div class=\"elementor-column elementor-col-16 elementor-inner-column elementor-element elementor-element-b039c60\" data-id=\"b039c60\" data-element_type=\"column\">\r\n\r\n\t\t\t\t\t<div class=\"elementor-widget-wrap elementor-element-populated\">\r\n\t\t\t\t\t\t\t\t<div class=\"elementor-element elementor-element-f7074a8 custom-card feature-image mb-0 elementor-position-top elementor-widget elementor-widget-image-box\" data-id=\"f7074a8\" data-element_type=\"widget\" data-widget_type=\"image-box.default\">\n\t\t\t\t<div class=\"elementor-widget-container\">\n\t\t\t<div class=\"elementor-image-box-wrapper\"><figure class=\"elementor-image-box-img\"><a href=\"https:\/\/www.portotheme.com\/wordpress\/porto\/elementor\/cleaning-services\/services\/building-services\/\"><img decoding=\"async\" src=\"https:\/\/www.portotheme.com\/wordpress\/porto\/elementor\/cleaning-services\/wp-content\/uploads\/sites\/81\/2020\/12\/services-small-1.jpg\" title=\"\" alt=\"\" loading=\"lazy\" \/><\/a><\/figure><div class=\"elementor-image-box-content\"><h4 class=\"elementor-image-box-title\"><a href=\"https:\/\/www.portotheme.com\/wordpress\/porto\/elementor\/cleaning-services\/services\/building-services\/\">Building Services<\/a><\/h4><p class=\"elementor-image-box-description\">Cras a elit sit amet leo accumsan volutpat. Suspendisse hendrerit vehicula leo, vel efficitur felis ultrices non.\n<p><a href=\"https:\/\/www.portotheme.com\/wordpress\/porto\/elementor\/cleaning-services\/services\/building-services\/\" class=\"read-more d-block mb-0 text-uppercase heading-primary\">VIEW MORE<\/a><\/p><\/p><\/div><\/div>\t\t<\/div>\n\t\t\t\t<\/div>\n\t\t\t\t\t<\/div>\r\n\t\t\t\t<\/div>\r\n\t\t\t\t\t\t<\/div>\r\n\t\t\t\t<\/div>\r\n\t\t\t\t\t<\/div>\r\n\t\t\t\t<\/div>\r\n\t\t\t\t\t\t<\/div>\r\n\t\t\t\t<\/section>\r\n\t\t\t\t\t\t\t<\/div>","protected":false},"excerpt":{"rendered":"<p>Get reliable &#038; affordable cleaning services for your facility with a 100% satisfaction guaranteed! Lorem ipsum dolor sit amet, consectetur adipiscing elit. Proin bibendum ultricies nunc, eu interdum enim convallis pretium. Quisque eu neque augue. Aliquam egestas nunc at efficitur faucibus. Praesent mauris eros, tincidunt id enim sodales, rhoncus malesuada ligula. Vivamus quis purus nec [&hellip;]<\/p>","protected":false},"author":1,"featured_media":12069,"parent":0,"menu_order":0,"comment_status":"closed","ping_status":"closed","template":"","meta":{"footnotes":""},"acf":[],"yoast_head":"<!-- This site is optimized with the Yoast SEO plugin v22.4 - https:\/\/yoast.com\/wordpress\/plugins\/seo\/ -->\n<title>Services - Porto Central<\/title>\n<meta name=\"robots\" content=\"index, follow, max-snippet:-1, max-image-preview:large, max-video-preview:-1\" \/>\n<link rel=\"canonical\" href=\"https:\/\/www.portocentral.com.br\/en\/services\/\" \/>\n<meta property=\"og:locale\" content=\"en_US\" \/>\n<meta property=\"og:type\" content=\"article\" \/>\n<meta property=\"og:title\" content=\"Services - Porto Central\" \/>\n<meta property=\"og:description\" content=\"Get reliable &#038; affordable cleaning services for your facility with a 100% satisfaction guaranteed! Lorem ipsum dolor sit amet, consectetur adipiscing elit. Proin bibendum ultricies nunc, eu interdum enim convallis pretium. Quisque eu neque augue. Aliquam egestas nunc at efficitur faucibus. Praesent mauris eros, tincidunt id enim sodales, rhoncus malesuada ligula. Vivamus quis purus nec [&hellip;]\" \/>\n<meta property=\"og:url\" content=\"https:\/\/www.portocentral.com.br\/en\/services\/\" \/>\n<meta property=\"og:site_name\" content=\"Porto Central\" \/>\n<meta property=\"og:image\" content=\"https:\/\/www.portotheme.com\/wordpress\/porto\/elementor\/cleaning-services\/wp-content\/uploads\/2020\/12\/services-small-1.jpg\" \/>\n<meta name=\"twitter:card\" content=\"summary_large_image\" \/>\n<meta name=\"twitter:label1\" content=\"Est. reading time\" \/>\n\t<meta name=\"twitter:data1\" content=\"1 minute\" \/>\n<script type=\"application\/ld+json\" class=\"yoast-schema-graph\">{\"@context\":\"https:\/\/schema.org\",\"@graph\":[{\"@type\":\"WebPage\",\"@id\":\"https:\/\/www.portocentral.com.br\/services\/\",\"url\":\"https:\/\/www.portocentral.com.br\/services\/\",\"name\":\"Services - Porto Central\",\"isPartOf\":{\"@id\":\"https:\/\/www.portocentral.com.br\/#website\"},\"primaryImageOfPage\":{\"@id\":\"https:\/\/www.portocentral.com.br\/services\/#primaryimage\"},\"image\":{\"@id\":\"https:\/\/www.portocentral.com.br\/services\/#primaryimage\"},\"thumbnailUrl\":\"https:\/\/www.portocentral.com.br\/wp-content\/uploads\/2024\/12\/Frontal-view-scaled.jpg\",\"datePublished\":\"2020-12-22T05:15:56+00:00\",\"dateModified\":\"2020-12-22T05:15:56+00:00\",\"breadcrumb\":{\"@id\":\"https:\/\/www.portocentral.com.br\/services\/#breadcrumb\"},\"inLanguage\":\"en-US\",\"potentialAction\":[{\"@type\":\"ReadAction\",\"target\":[\"https:\/\/www.portocentral.com.br\/services\/\"]}]},{\"@type\":\"ImageObject\",\"inLanguage\":\"en-US\",\"@id\":\"https:\/\/www.portocentral.com.br\/services\/#primaryimage\",\"url\":\"https:\/\/www.portocentral.com.br\/wp-content\/uploads\/2024\/12\/Frontal-view-scaled.jpg\",\"contentUrl\":\"https:\/\/www.portocentral.com.br\/wp-content\/uploads\/2024\/12\/Frontal-view-scaled.jpg\",\"width\":2560,\"height\":1440},{\"@type\":\"BreadcrumbList\",\"@id\":\"https:\/\/www.portocentral.com.br\/services\/#breadcrumb\",\"itemListElement\":[{\"@type\":\"ListItem\",\"position\":1,\"name\":\"In\u00edcio\",\"item\":\"https:\/\/www.portocentral.com.br\/\"},{\"@type\":\"ListItem\",\"position\":2,\"name\":\"Services\"}]},{\"@type\":\"WebSite\",\"@id\":\"https:\/\/www.portocentral.com.br\/#website\",\"url\":\"https:\/\/www.portocentral.com.br\/\",\"name\":\"Porto Central\",\"description\":\"uma inovadora solu\u00e7\u00e3o log\u00edstica\",\"potentialAction\":[{\"@type\":\"SearchAction\",\"target\":{\"@type\":\"EntryPoint\",\"urlTemplate\":\"https:\/\/www.portocentral.com.br\/?s={search_term_string}\"},\"query-input\":\"required name=search_term_string\"}],\"inLanguage\":\"en-US\"}]}<\/script>\n<!-- \/ Yoast SEO plugin. -->","yoast_head_json":{"title":"Services - Porto Central","robots":{"index":"index","follow":"follow","max-snippet":"max-snippet:-1","max-image-preview":"max-image-preview:large","max-video-preview":"max-video-preview:-1"},"canonical":"https:\/\/www.portocentral.com.br\/en\/services\/","og_locale":"en_US","og_type":"article","og_title":"Services - Porto Central","og_description":"Get reliable &#038; affordable cleaning services for your facility with a 100% satisfaction guaranteed! Lorem ipsum dolor sit amet, consectetur adipiscing elit. Proin bibendum ultricies nunc, eu interdum enim convallis pretium. Quisque eu neque augue. Aliquam egestas nunc at efficitur faucibus. Praesent mauris eros, tincidunt id enim sodales, rhoncus malesuada ligula. Vivamus quis purus nec [&hellip;]","og_url":"https:\/\/www.portocentral.com.br\/en\/services\/","og_site_name":"Porto Central","og_image":[{"url":"https:\/\/www.portotheme.com\/wordpress\/porto\/elementor\/cleaning-services\/wp-content\/uploads\/2020\/12\/services-small-1.jpg"}],"twitter_card":"summary_large_image","twitter_misc":{"Est. reading time":"1 minute"},"schema":{"@context":"https:\/\/schema.org","@graph":[{"@type":"WebPage","@id":"https:\/\/www.portocentral.com.br\/services\/","url":"https:\/\/www.portocentral.com.br\/services\/","name":"Services - Porto Central","isPartOf":{"@id":"https:\/\/www.portocentral.com.br\/#website"},"primaryImageOfPage":{"@id":"https:\/\/www.portocentral.com.br\/services\/#primaryimage"},"image":{"@id":"https:\/\/www.portocentral.com.br\/services\/#primaryimage"},"thumbnailUrl":"https:\/\/www.portocentral.com.br\/wp-content\/uploads\/2024\/12\/Frontal-view-scaled.jpg","datePublished":"2020-12-22T05:15:56+00:00","dateModified":"2020-12-22T05:15:56+00:00","breadcrumb":{"@id":"https:\/\/www.portocentral.com.br\/services\/#breadcrumb"},"inLanguage":"en-US","potentialAction":[{"@type":"ReadAction","target":["https:\/\/www.portocentral.com.br\/services\/"]}]},{"@type":"ImageObject","inLanguage":"en-US","@id":"https:\/\/www.portocentral.com.br\/services\/#primaryimage","url":"https:\/\/www.portocentral.com.br\/wp-content\/uploads\/2024\/12\/Frontal-view-scaled.jpg","contentUrl":"https:\/\/www.portocentral.com.br\/wp-content\/uploads\/2024\/12\/Frontal-view-scaled.jpg","width":2560,"height":1440},{"@type":"BreadcrumbList","@id":"https:\/\/www.portocentral.com.br\/services\/#breadcrumb","itemListElement":[{"@type":"ListItem","position":1,"name":"In\u00edcio","item":"https:\/\/www.portocentral.com.br\/"},{"@type":"ListItem","position":2,"name":"Services"}]},{"@type":"WebSite","@id":"https:\/\/www.portocentral.com.br\/#website","url":"https:\/\/www.portocentral.com.br\/","name":"Porto Central","description":"uma inovadora solu\u00e7\u00e3o log\u00edstica","potentialAction":[{"@type":"SearchAction","target":{"@type":"EntryPoint","urlTemplate":"https:\/\/www.portocentral.com.br\/?s={search_term_string}"},"query-input":"required name=search_term_string"}],"inLanguage":"en-US"}]}},"_links":{"self":[{"href":"https:\/\/www.portocentral.com.br\/en\/wp-json\/wp\/v2\/pages\/552"}],"collection":[{"href":"https:\/\/www.portocentral.com.br\/en\/wp-json\/wp\/v2\/pages"}],"about":[{"href":"https:\/\/www.portocentral.com.br\/en\/wp-json\/wp\/v2\/types\/page"}],"author":[{"embeddable":true,"href":"https:\/\/www.portocentral.com.br\/en\/wp-json\/wp\/v2\/users\/1"}],"replies":[{"embeddable":true,"href":"https:\/\/www.portocentral.com.br\/en\/wp-json\/wp\/v2\/comments?post=552"}],"version-history":[{"count":0,"href":"https:\/\/www.portocentral.com.br\/en\/wp-json\/wp\/v2\/pages\/552\/revisions"}],"wp:featuredmedia":[{"embeddable":true,"href":"https:\/\/www.portocentral.com.br\/en\/wp-json\/wp\/v2\/media\/12069"}],"wp:attachment":[{"href":"https:\/\/www.portocentral.com.br\/en\/wp-json\/wp\/v2\/media?parent=552"}],"curies":[{"name":"wp","href":"https:\/\/api.w.org\/{rel}","templated":true}]}}