{"id":667,"date":"2020-12-22T10:58:01","date_gmt":"2020-12-22T10:58:01","guid":{"rendered":"http:\/\/sw-themes.com\/porto_dummy\/elementor\/cleaning-services\/?page_id=667"},"modified":"2020-12-22T10:58:01","modified_gmt":"2020-12-22T10:58:01","slug":"office-cleaning","status":"publish","type":"page","link":"https:\/\/www.portocentral.com.br\/en\/services\/office-cleaning\/","title":{"rendered":"Office Cleaning"},"content":{"rendered":"<div data-elementor-type=\"wp-page\" data-elementor-id=\"667\" class=\"elementor elementor-667\">\n\t\t\t\t\t\t\t\t\t<section data-particle_enable=\"false\" data-particle-mobile-disabled=\"false\" class=\"elementor-section elementor-top-section elementor-element elementor-element-77af454 py-5 my-lg-2 elementor-section-boxed elementor-section-height-default elementor-section-height-default\" data-id=\"77af454\" data-element_type=\"section\">\r\n\t\t\t\r\n\t\t\t\t\t\t\t\t\t<div class=\"elementor-container elementor-column-gap-default\">\r\n\t\t\t\t\t\t\t\t\t\t\t<div class=\"elementor-column elementor-col-50 elementor-top-column elementor-element elementor-element-10b072e order-lg-2\" data-id=\"10b072e\" data-element_type=\"column\">\r\n\r\n\t\t\t\t\t<div class=\"elementor-widget-wrap elementor-element-populated\">\r\n\t\t\t\t\t\t\t\t<div class=\"elementor-element elementor-element-e028710 elementor-widget elementor-widget-porto_ultimate_heading\" data-id=\"e028710\" data-element_type=\"widget\" data-widget_type=\"porto_ultimate_heading.default\">\n\t\t\t\t<div class=\"elementor-widget-container\">\n\t\t\t<div class=\"porto-u-heading\" data-hspacer=\"no_spacer\" data-halign=\"left\" style=\"text-align:left\"><div class=\"porto-u-sub-heading\" style=\"\"><p class=\"custom-font1 mb-4\" style=\"font-size: 1.2em;\">Get reliable &amp; affordable cleaning services for your facility with a 100% satisfaction guaranteed!<\/p><p>\nLorem ipsum dolor sit amet, consectetur adipiscing elit. Proin bibendum ultricies nunc, eu interdum enim convallis pretium. Quisque eu neque augue. Aliquam egestas nunc at efficitur faucibus. Praesent mauris eros, tincidunt id enim sodales, rhoncus malesuada ligula. Vivamus quis purus nec sapien pellentesque imperdiet. Nullam porttitor augue mi, sit amet luctus est tincidunt sed.<\/p>\n\n<p><img decoding=\"async\" loading=\"lazy\" class=\"custom-max-width my-3 mr-4 alignleft wp-image-327 size-full\" src=\"https:\/\/www.portotheme.com\/wordpress\/porto\/cleaning-services\/wp-content\/uploads\/sites\/110\/2020\/12\/portfolio-1.jpg\" alt=\"portfolio\" width=\"600\" height=\"450\" \/><\/p>\n<p class=\"mt-5\">Lorem ipsum dolor sit amet, consectetur adipiscing elit. Proin bibendum ultricies nunc, eu interdum enim convallis pretium. Quisque eu neque augue. Aliquam egestas.<\/p>\n<p>Praesent mauris eros, tincidunt id enim sodales, rhoncus malesuada ligula. Vivamus quis purus nec sapien pellentesque imperdiet. Nullam porttitor augue mi, sit amet luctus est tincidunt sed. Donec tempus bibendum ex.<p\/>\n<p><img decoding=\"async\" loading=\"lazy\" class=\"custom-max-width my-3 ml-4 alignright wp-image-328 size-full\" src=\"https:\/\/www.portotheme.com\/wordpress\/porto\/cleaning-services\/wp-content\/uploads\/sites\/110\/2020\/12\/portfolio-2.jpg\" alt=\"portfolio\" width=\"600\" height=\"450\" \/><\/p>\n<p class=\"pt-3 mt-5\">Lorem ipsum dolor sit amet, consectetur adipiscing elit. Proin bibendum ultricies nunc, eu interdum enim convallis pretium.<\/p>\n\n<ul class=\"list list-icons list-icons-style-2 list-icons-lg custom-list-style pb-1 mb-0\">\n \t<li class=\"font-weight-semibold text-color-dark mb-3\"><i class=\"fas fa-check text-color-dark\"><\/i> Pellentesque ultricies nibh<\/li>\n \t<li class=\"font-weight-semibold text-color-dark mb-3\"><i class=\"fas fa-check text-color-dark\"><\/i> Ultricies nibh pellen<\/li>\n \t<li class=\"font-weight-semibold text-color-dark mb-3\"><i class=\"fas fa-check text-color-dark\"><\/i> Ultricies nibh pellen<\/li>\n \t<li class=\"font-weight-semibold text-color-dark mb-3\"><i class=\"fas fa-check text-color-dark\"><\/i> Pellentesque ultricies nibh<\/li>\n<\/ul>\n<p class=\"pt-3 mt-xl-4\">Lorem ipsum dolor sit amet, consectetur adipiscing elit. Proin bibendum ultricies nunc, eu interdum enim convallis pretium. Quisque eu neque augue. Aliquam egestas nunc at efficitur faucibus. Praesent mauris eros, tincidunt id enim sodales, rhoncus malesuada ligula. Vivamus quis purus nec sapien pellentesque imperdiet. Nullam porttitor augue mi, sit amet luctus est tincidunt.<\/p><\/div><\/div>\t\t<\/div>\n\t\t\t\t<\/div>\n\t\t\t\t\t<\/div>\r\n\t\t\t\t<\/div>\r\n\t\t\t\t<div class=\"elementor-column elementor-col-50 elementor-top-column elementor-element elementor-element-7abb511 card-section order-lg-1\" data-id=\"7abb511\" data-element_type=\"column\">\r\n\r\n\t\t\t\t\t<div class=\"elementor-widget-wrap elementor-element-populated\">\r\n\t\t\t\t\t\t\t\t<div data-particle_enable=\"false\" data-particle-mobile-disabled=\"false\" class=\"elementor-section elementor-inner-section elementor-element elementor-element-5afc4b8 card py-5 mb-4 elementor-section-boxed elementor-section-height-default elementor-section-height-default\" data-id=\"5afc4b8\" data-element_type=\"section\">\r\n\t\t\t\r\n\t\t\t\t\t\t\t\t\t<div class=\"elementor-container elementor-column-gap-no\">\r\n\t\t\t\t\t\t\t\t\t\t\t<div class=\"elementor-column elementor-col-100 elementor-inner-column elementor-element elementor-element-dd3427f\" data-id=\"dd3427f\" data-element_type=\"column\">\r\n\r\n\t\t\t\t\t<div class=\"elementor-widget-wrap elementor-element-populated\">\r\n\t\t\t\t\t\t\t\t<div class=\"elementor-element elementor-element-cbdb0a9 mb-0 elementor-widget elementor-widget-wp-widget-nav_menu\" data-id=\"cbdb0a9\" data-element_type=\"widget\" data-widget_type=\"wp-widget-nav_menu.default\">\n\t\t\t\t<div class=\"elementor-widget-container\">\n\t\t\t<h5>All Services<\/h5><div class=\"menu-services-container\"><ul id=\"menu-services\" class=\"menu\"><li id=\"menu-item-959\" class=\"menu-item menu-item-type-post_type menu-item-object-page menu-item-959\"><a href=\"https:\/\/www.portocentral.com.br\/en\/services\/building-services\/\">Building Services<\/a><\/li>\n<li id=\"menu-item-957\" class=\"menu-item menu-item-type-post_type menu-item-object-page menu-item-957\"><a href=\"https:\/\/www.portocentral.com.br\/en\/services\/office-cleaning\/\">Office Cleaning<\/a><\/li>\n<li id=\"menu-item-958\" class=\"menu-item menu-item-type-post_type menu-item-object-page menu-item-958\"><a href=\"https:\/\/www.portocentral.com.br\/en\/services\/post-construction\/\">Post Construction<\/a><\/li>\n<li id=\"menu-item-961\" class=\"menu-item menu-item-type-post_type menu-item-object-page menu-item-961\"><a href=\"https:\/\/www.portocentral.com.br\/en\/services\/commercial-cleaning\/\">Commercial Cleaning<\/a><\/li>\n<li id=\"menu-item-960\" class=\"menu-item menu-item-type-post_type menu-item-object-page menu-item-960\"><a href=\"https:\/\/www.portocentral.com.br\/en\/services\/residential-cleaning\/\">Residential Cleaning<\/a><\/li>\n<\/ul><\/div>\t\t<\/div>\n\t\t\t\t<\/div>\n\t\t\t\t\t<\/div>\r\n\t\t\t\t<\/div>\r\n\t\t\t\t\t\t<\/div>\r\n\t\t\t\t<\/div>\r\n\t\t\t\t<div class=\"elementor-element elementor-element-6d07c6f card py-5 mb-0 elementor-widget elementor-widget-porto_ultimate_heading\" data-id=\"6d07c6f\" data-element_type=\"widget\" data-widget_type=\"porto_ultimate_heading.default\">\n\t\t\t\t<div class=\"elementor-widget-container\">\n\t\t\t<div class=\"porto-u-heading\" data-hspacer=\"no_spacer\" data-halign=\"left\" style=\"text-align:left\"><div class=\"porto-u-main-heading\"><h2    style=\"margin-bottom: 12px;\">Request a Callback<\/h2><\/div><div class=\"porto-u-sub-heading\" style=\"\"><span class=\"d-block custom-font1 pb-1 mb-4\">Enter your details in the form and we will call you back.<\/span>\n<div class=\"wpcf7 no-js\" id=\"wpcf7-f73-o1\" lang=\"en-US\" dir=\"ltr\">\n<div class=\"screen-reader-response\"><p role=\"status\" aria-live=\"polite\" aria-atomic=\"true\"><\/p> <ul><\/ul><\/div>\n<form action=\"\/en\/wp-json\/wp\/v2\/pages\/667#wpcf7-f73-o1\" method=\"post\" class=\"wpcf7-form init\" aria-label=\"Contact form\" novalidate=\"novalidate\" data-status=\"init\" data-trp-original-action=\"\/en\/wp-json\/wp\/v2\/pages\/667#wpcf7-f73-o1\">\n<div style=\"display: none;\">\n<input type=\"hidden\" name=\"_wpcf7\" value=\"73\" \/>\n<input type=\"hidden\" name=\"_wpcf7_version\" value=\"5.7.4\" \/>\n<input type=\"hidden\" name=\"_wpcf7_locale\" value=\"en_US\" \/>\n<input type=\"hidden\" name=\"_wpcf7_unit_tag\" value=\"wpcf7-f73-o1\" \/>\n<input type=\"hidden\" name=\"_wpcf7_container_post\" value=\"0\" \/>\n<input type=\"hidden\" name=\"_wpcf7_posted_data_hash\" value=\"\" \/>\n<\/div>\n<p><span class=\"wpcf7-form-control-wrap\" data-name=\"username\"><input size=\"40\" class=\"wpcf7-form-control wpcf7-text wpcf7-validates-as-required form-control\" aria-required=\"true\" aria-invalid=\"false\" placeholder=\"Name\" value=\"\" type=\"text\" name=\"username\" \/><\/span><span class=\"wpcf7-form-control-wrap\" data-name=\"phonenumber\"><input size=\"40\" class=\"wpcf7-form-control wpcf7-text wpcf7-validates-as-required form-control\" aria-required=\"true\" aria-invalid=\"false\" placeholder=\"Telephone\" value=\"\" type=\"text\" name=\"phonenumber\" \/><\/span><span class=\"wpcf7-form-control-wrap\" data-name=\"services\"><select class=\"wpcf7-form-control wpcf7-select wpcf7-validates-as-required form-control\" aria-required=\"true\" aria-invalid=\"false\" name=\"services\"><option value=\"Selecione o Servi\u00e7o\">Selecione o Servi\u00e7o<\/option><option value=\"\u00d3leo e G\u00e1s\">\u00d3leo e G\u00e1s<\/option><option value=\"ZPE\">ZPE<\/option><option value=\"Outros Assuntos\">Outros Assuntos<\/option><\/select><\/span><input class=\"wpcf7-form-control has-spinner wpcf7-submit btn btn-primary btn-modern font-weight-bold text-3 px-5 py-3\" type=\"submit\" value=\"Send\" \/>\n<\/p><div class=\"wpcf7-response-output\" aria-hidden=\"true\"><\/div>\n<input type=\"hidden\" name=\"trp-form-language\" value=\"en\"\/><\/form>\n<\/div>\n<\/div><\/div>\t\t<\/div>\n\t\t\t\t<\/div>\n\t\t\t\t\t<\/div>\r\n\t\t\t\t<\/div>\r\n\t\t\t\t\t\t<\/div>\r\n\t\t\t\t<\/section>\r\n\t\t\t\t\t\t\t<\/div>","protected":false},"excerpt":{"rendered":"<p>Get reliable &amp; affordable cleaning services for your facility with a 100% satisfaction guaranteed! Lorem ipsum dolor sit amet, consectetur adipiscing elit. Proin bibendum ultricies nunc, eu interdum enim convallis pretium. Quisque eu neque augue. Aliquam egestas nunc at efficitur faucibus. Praesent mauris eros, tincidunt id enim sodales, rhoncus malesuada ligula. Vivamus quis purus nec [&hellip;]<\/p>","protected":false},"author":1,"featured_media":12069,"parent":552,"menu_order":0,"comment_status":"closed","ping_status":"closed","template":"","meta":{"footnotes":""},"acf":[],"yoast_head":"<!-- This site is optimized with the Yoast SEO plugin v22.4 - https:\/\/yoast.com\/wordpress\/plugins\/seo\/ -->\n<title>Office Cleaning - Porto Central<\/title>\n<meta name=\"robots\" content=\"index, follow, max-snippet:-1, max-image-preview:large, max-video-preview:-1\" \/>\n<link rel=\"canonical\" href=\"https:\/\/www.portocentral.com.br\/en\/services\/office-cleaning\/\" \/>\n<meta property=\"og:locale\" content=\"en_US\" \/>\n<meta property=\"og:type\" content=\"article\" \/>\n<meta property=\"og:title\" content=\"Office Cleaning - Porto Central\" \/>\n<meta property=\"og:description\" content=\"Get reliable &amp; affordable cleaning services for your facility with a 100% satisfaction guaranteed! Lorem ipsum dolor sit amet, consectetur adipiscing elit. Proin bibendum ultricies nunc, eu interdum enim convallis pretium. Quisque eu neque augue. Aliquam egestas nunc at efficitur faucibus. Praesent mauris eros, tincidunt id enim sodales, rhoncus malesuada ligula. Vivamus quis purus nec [&hellip;]\" \/>\n<meta property=\"og:url\" content=\"https:\/\/www.portocentral.com.br\/en\/services\/office-cleaning\/\" \/>\n<meta property=\"og:site_name\" content=\"Porto Central\" \/>\n<meta name=\"twitter:card\" content=\"summary_large_image\" \/>\n<meta name=\"twitter:label1\" content=\"Est. reading time\" \/>\n\t<meta name=\"twitter:data1\" content=\"1 minute\" \/>\n<script type=\"application\/ld+json\" class=\"yoast-schema-graph\">{\"@context\":\"https:\/\/schema.org\",\"@graph\":[{\"@type\":\"WebPage\",\"@id\":\"https:\/\/www.portocentral.com.br\/services\/office-cleaning\/\",\"url\":\"https:\/\/www.portocentral.com.br\/services\/office-cleaning\/\",\"name\":\"Office Cleaning - Porto Central\",\"isPartOf\":{\"@id\":\"https:\/\/www.portocentral.com.br\/#website\"},\"primaryImageOfPage\":{\"@id\":\"https:\/\/www.portocentral.com.br\/services\/office-cleaning\/#primaryimage\"},\"image\":{\"@id\":\"https:\/\/www.portocentral.com.br\/services\/office-cleaning\/#primaryimage\"},\"thumbnailUrl\":\"https:\/\/www.portocentral.com.br\/wp-content\/uploads\/2024\/12\/Frontal-view-scaled.jpg\",\"datePublished\":\"2020-12-22T10:58:01+00:00\",\"dateModified\":\"2020-12-22T10:58:01+00:00\",\"breadcrumb\":{\"@id\":\"https:\/\/www.portocentral.com.br\/services\/office-cleaning\/#breadcrumb\"},\"inLanguage\":\"en-US\",\"potentialAction\":[{\"@type\":\"ReadAction\",\"target\":[\"https:\/\/www.portocentral.com.br\/services\/office-cleaning\/\"]}]},{\"@type\":\"ImageObject\",\"inLanguage\":\"en-US\",\"@id\":\"https:\/\/www.portocentral.com.br\/services\/office-cleaning\/#primaryimage\",\"url\":\"https:\/\/www.portocentral.com.br\/wp-content\/uploads\/2024\/12\/Frontal-view-scaled.jpg\",\"contentUrl\":\"https:\/\/www.portocentral.com.br\/wp-content\/uploads\/2024\/12\/Frontal-view-scaled.jpg\",\"width\":2560,\"height\":1440},{\"@type\":\"BreadcrumbList\",\"@id\":\"https:\/\/www.portocentral.com.br\/services\/office-cleaning\/#breadcrumb\",\"itemListElement\":[{\"@type\":\"ListItem\",\"position\":1,\"name\":\"In\u00edcio\",\"item\":\"https:\/\/www.portocentral.com.br\/\"},{\"@type\":\"ListItem\",\"position\":2,\"name\":\"Services\",\"item\":\"https:\/\/www.portocentral.com.br\/services\/\"},{\"@type\":\"ListItem\",\"position\":3,\"name\":\"Office Cleaning\"}]},{\"@type\":\"WebSite\",\"@id\":\"https:\/\/www.portocentral.com.br\/#website\",\"url\":\"https:\/\/www.portocentral.com.br\/\",\"name\":\"Porto Central\",\"description\":\"uma inovadora solu\u00e7\u00e3o log\u00edstica\",\"potentialAction\":[{\"@type\":\"SearchAction\",\"target\":{\"@type\":\"EntryPoint\",\"urlTemplate\":\"https:\/\/www.portocentral.com.br\/?s={search_term_string}\"},\"query-input\":\"required name=search_term_string\"}],\"inLanguage\":\"en-US\"}]}<\/script>\n<!-- \/ Yoast SEO plugin. -->","yoast_head_json":{"title":"Office Cleaning - Porto Central","robots":{"index":"index","follow":"follow","max-snippet":"max-snippet:-1","max-image-preview":"max-image-preview:large","max-video-preview":"max-video-preview:-1"},"canonical":"https:\/\/www.portocentral.com.br\/en\/services\/office-cleaning\/","og_locale":"en_US","og_type":"article","og_title":"Office Cleaning - Porto Central","og_description":"Get reliable &amp; affordable cleaning services for your facility with a 100% satisfaction guaranteed! Lorem ipsum dolor sit amet, consectetur adipiscing elit. Proin bibendum ultricies nunc, eu interdum enim convallis pretium. Quisque eu neque augue. Aliquam egestas nunc at efficitur faucibus. Praesent mauris eros, tincidunt id enim sodales, rhoncus malesuada ligula. Vivamus quis purus nec [&hellip;]","og_url":"https:\/\/www.portocentral.com.br\/en\/services\/office-cleaning\/","og_site_name":"Porto Central","twitter_card":"summary_large_image","twitter_misc":{"Est. reading time":"1 minute"},"schema":{"@context":"https:\/\/schema.org","@graph":[{"@type":"WebPage","@id":"https:\/\/www.portocentral.com.br\/services\/office-cleaning\/","url":"https:\/\/www.portocentral.com.br\/services\/office-cleaning\/","name":"Office Cleaning - Porto Central","isPartOf":{"@id":"https:\/\/www.portocentral.com.br\/#website"},"primaryImageOfPage":{"@id":"https:\/\/www.portocentral.com.br\/services\/office-cleaning\/#primaryimage"},"image":{"@id":"https:\/\/www.portocentral.com.br\/services\/office-cleaning\/#primaryimage"},"thumbnailUrl":"https:\/\/www.portocentral.com.br\/wp-content\/uploads\/2024\/12\/Frontal-view-scaled.jpg","datePublished":"2020-12-22T10:58:01+00:00","dateModified":"2020-12-22T10:58:01+00:00","breadcrumb":{"@id":"https:\/\/www.portocentral.com.br\/services\/office-cleaning\/#breadcrumb"},"inLanguage":"en-US","potentialAction":[{"@type":"ReadAction","target":["https:\/\/www.portocentral.com.br\/services\/office-cleaning\/"]}]},{"@type":"ImageObject","inLanguage":"en-US","@id":"https:\/\/www.portocentral.com.br\/services\/office-cleaning\/#primaryimage","url":"https:\/\/www.portocentral.com.br\/wp-content\/uploads\/2024\/12\/Frontal-view-scaled.jpg","contentUrl":"https:\/\/www.portocentral.com.br\/wp-content\/uploads\/2024\/12\/Frontal-view-scaled.jpg","width":2560,"height":1440},{"@type":"BreadcrumbList","@id":"https:\/\/www.portocentral.com.br\/services\/office-cleaning\/#breadcrumb","itemListElement":[{"@type":"ListItem","position":1,"name":"In\u00edcio","item":"https:\/\/www.portocentral.com.br\/"},{"@type":"ListItem","position":2,"name":"Services","item":"https:\/\/www.portocentral.com.br\/services\/"},{"@type":"ListItem","position":3,"name":"Office Cleaning"}]},{"@type":"WebSite","@id":"https:\/\/www.portocentral.com.br\/#website","url":"https:\/\/www.portocentral.com.br\/","name":"Porto Central","description":"uma inovadora solu\u00e7\u00e3o log\u00edstica","potentialAction":[{"@type":"SearchAction","target":{"@type":"EntryPoint","urlTemplate":"https:\/\/www.portocentral.com.br\/?s={search_term_string}"},"query-input":"required name=search_term_string"}],"inLanguage":"en-US"}]}},"_links":{"self":[{"href":"https:\/\/www.portocentral.com.br\/en\/wp-json\/wp\/v2\/pages\/667"}],"collection":[{"href":"https:\/\/www.portocentral.com.br\/en\/wp-json\/wp\/v2\/pages"}],"about":[{"href":"https:\/\/www.portocentral.com.br\/en\/wp-json\/wp\/v2\/types\/page"}],"author":[{"embeddable":true,"href":"https:\/\/www.portocentral.com.br\/en\/wp-json\/wp\/v2\/users\/1"}],"replies":[{"embeddable":true,"href":"https:\/\/www.portocentral.com.br\/en\/wp-json\/wp\/v2\/comments?post=667"}],"version-history":[{"count":0,"href":"https:\/\/www.portocentral.com.br\/en\/wp-json\/wp\/v2\/pages\/667\/revisions"}],"up":[{"embeddable":true,"href":"https:\/\/www.portocentral.com.br\/en\/wp-json\/wp\/v2\/pages\/552"}],"wp:featuredmedia":[{"embeddable":true,"href":"https:\/\/www.portocentral.com.br\/en\/wp-json\/wp\/v2\/media\/12069"}],"wp:attachment":[{"href":"https:\/\/www.portocentral.com.br\/en\/wp-json\/wp\/v2\/media?parent=667"}],"curies":[{"name":"wp","href":"https:\/\/api.w.org\/{rel}","templated":true}]}}